{"id":133,"date":"2023-01-07T13:35:09","date_gmt":"2023-01-07T13:35:09","guid":{"rendered":"https:\/\/parbiomagneticocartagena.es\/?page_id=133"},"modified":"2023-01-07T13:47:59","modified_gmt":"2023-01-07T13:47:59","slug":"que-es-el-par-biomagnetico","status":"publish","type":"page","link":"https:\/\/parbiomagneticocartagena.es\/?page_id=133","title":{"rendered":"\u00bfQu\u00e9 es el Par Biomagn\u00e9tico?"},"content":{"rendered":"","protected":false},"excerpt":{"rendered":"<p>Par Biomagn\u00e9tico, mejora tu salud y calidad de vida.<\/p>\n","protected":false},"author":1,"featured_media":42,"parent":0,"menu_order":0,"comment_status":"closed","ping_status":"closed","template":"","meta":{"footnotes":""},"class_list":["post-133","page","type-page","status-publish","has-post-thumbnail","hentry"],"yoast_head":"<!-- This site is optimized with the Yoast SEO plugin v27.3 - https:\/\/yoast.com\/product\/yoast-seo-wordpress\/ -->\n<title>Par \u00bfQu\u00e9 es el Par Biomagn\u00e9tico? - Biomagnetismo Terap\u00e9utico<\/title>\n<meta name=\"description\" content=\"Mejora tu salud y calidad de vida. Mejora tus problemas f\u00edsicos, mentales y emocionales.\" \/>\n<meta name=\"robots\" content=\"index, follow, max-snippet:-1, max-image-preview:large, max-video-preview:-1\" \/>\n<link rel=\"canonical\" href=\"https:\/\/parbiomagneticocartagena.es\/?page_id=133\" \/>\n<meta property=\"og:locale\" content=\"es_ES\" \/>\n<meta property=\"og:type\" content=\"article\" \/>\n<meta property=\"og:title\" content=\"Par \u00bfQu\u00e9 es el Par Biomagn\u00e9tico? - Biomagnetismo Terap\u00e9utico\" \/>\n<meta property=\"og:description\" content=\"Mejora tu salud y calidad de vida. Mejora tus problemas f\u00edsicos, mentales y emocionales.\" \/>\n<meta property=\"og:url\" content=\"https:\/\/parbiomagneticocartagena.es\/?page_id=133\" \/>\n<meta property=\"og:site_name\" content=\"parbiomagneticocartagena\" \/>\n<meta property=\"article:modified_time\" content=\"2023-01-07T13:47:59+00:00\" \/>\n<meta property=\"og:image\" content=\"https:\/\/parbiomagneticocartagena.es\/wp-content\/uploads\/2021\/12\/BiomagnetismoTERAPIA.jpg\" \/>\n\t<meta property=\"og:image:width\" content=\"423\" \/>\n\t<meta property=\"og:image:height\" content=\"340\" \/>\n\t<meta property=\"og:image:type\" content=\"image\/jpeg\" \/>\n<meta name=\"twitter:card\" content=\"summary_large_image\" \/>\n<script type=\"application\/ld+json\" class=\"yoast-schema-graph\">{\"@context\":\"https:\\\/\\\/schema.org\",\"@graph\":[{\"@type\":\"WebPage\",\"@id\":\"https:\\\/\\\/parbiomagneticocartagena.es\\\/?page_id=133\",\"url\":\"https:\\\/\\\/parbiomagneticocartagena.es\\\/?page_id=133\",\"name\":\"Par \u00bfQu\u00e9 es el Par Biomagn\u00e9tico? - Biomagnetismo Terap\u00e9utico\",\"isPartOf\":{\"@id\":\"https:\\\/\\\/parbiomagneticocartagena.es\\\/#website\"},\"primaryImageOfPage\":{\"@id\":\"https:\\\/\\\/parbiomagneticocartagena.es\\\/?page_id=133#primaryimage\"},\"image\":{\"@id\":\"https:\\\/\\\/parbiomagneticocartagena.es\\\/?page_id=133#primaryimage\"},\"thumbnailUrl\":\"https:\\\/\\\/parbiomagneticocartagena.es\\\/wp-content\\\/uploads\\\/2021\\\/12\\\/BiomagnetismoTERAPIA.jpg\",\"datePublished\":\"2023-01-07T13:35:09+00:00\",\"dateModified\":\"2023-01-07T13:47:59+00:00\",\"description\":\"Mejora tu salud y calidad de vida. Mejora tus problemas f\u00edsicos, mentales y emocionales.\",\"breadcrumb\":{\"@id\":\"https:\\\/\\\/parbiomagneticocartagena.es\\\/?page_id=133#breadcrumb\"},\"inLanguage\":\"es\",\"potentialAction\":[{\"@type\":\"ReadAction\",\"target\":[\"https:\\\/\\\/parbiomagneticocartagena.es\\\/?page_id=133\"]}]},{\"@type\":\"ImageObject\",\"inLanguage\":\"es\",\"@id\":\"https:\\\/\\\/parbiomagneticocartagena.es\\\/?page_id=133#primaryimage\",\"url\":\"https:\\\/\\\/parbiomagneticocartagena.es\\\/wp-content\\\/uploads\\\/2021\\\/12\\\/BiomagnetismoTERAPIA.jpg\",\"contentUrl\":\"https:\\\/\\\/parbiomagneticocartagena.es\\\/wp-content\\\/uploads\\\/2021\\\/12\\\/BiomagnetismoTERAPIA.jpg\",\"width\":423,\"height\":340},{\"@type\":\"BreadcrumbList\",\"@id\":\"https:\\\/\\\/parbiomagneticocartagena.es\\\/?page_id=133#breadcrumb\",\"itemListElement\":[{\"@type\":\"ListItem\",\"position\":1,\"name\":\"Portada\",\"item\":\"https:\\\/\\\/parbiomagneticocartagena.es\\\/\"},{\"@type\":\"ListItem\",\"position\":2,\"name\":\"\u00bfQu\u00e9 es el Par Biomagn\u00e9tico?\"}]},{\"@type\":\"WebSite\",\"@id\":\"https:\\\/\\\/parbiomagneticocartagena.es\\\/#website\",\"url\":\"https:\\\/\\\/parbiomagneticocartagena.es\\\/\",\"name\":\"parbiomagneticocartagena\",\"description\":\"S&oacute;lo otro sitio de WordPress\",\"potentialAction\":[{\"@type\":\"SearchAction\",\"target\":{\"@type\":\"EntryPoint\",\"urlTemplate\":\"https:\\\/\\\/parbiomagneticocartagena.es\\\/?s={search_term_string}\"},\"query-input\":{\"@type\":\"PropertyValueSpecification\",\"valueRequired\":true,\"valueName\":\"search_term_string\"}}],\"inLanguage\":\"es\"}]}<\/script>\n<!-- \/ Yoast SEO plugin. -->","yoast_head_json":{"title":"Par \u00bfQu\u00e9 es el Par Biomagn\u00e9tico? - Biomagnetismo Terap\u00e9utico","description":"Mejora tu salud y calidad de vida. Mejora tus problemas f\u00edsicos, mentales y emocionales.","robots":{"index":"index","follow":"follow","max-snippet":"max-snippet:-1","max-image-preview":"max-image-preview:large","max-video-preview":"max-video-preview:-1"},"canonical":"https:\/\/parbiomagneticocartagena.es\/?page_id=133","og_locale":"es_ES","og_type":"article","og_title":"Par \u00bfQu\u00e9 es el Par Biomagn\u00e9tico? - Biomagnetismo Terap\u00e9utico","og_description":"Mejora tu salud y calidad de vida. Mejora tus problemas f\u00edsicos, mentales y emocionales.","og_url":"https:\/\/parbiomagneticocartagena.es\/?page_id=133","og_site_name":"parbiomagneticocartagena","article_modified_time":"2023-01-07T13:47:59+00:00","og_image":[{"width":423,"height":340,"url":"https:\/\/parbiomagneticocartagena.es\/wp-content\/uploads\/2021\/12\/BiomagnetismoTERAPIA.jpg","type":"image\/jpeg"}],"twitter_card":"summary_large_image","schema":{"@context":"https:\/\/schema.org","@graph":[{"@type":"WebPage","@id":"https:\/\/parbiomagneticocartagena.es\/?page_id=133","url":"https:\/\/parbiomagneticocartagena.es\/?page_id=133","name":"Par \u00bfQu\u00e9 es el Par Biomagn\u00e9tico? - Biomagnetismo Terap\u00e9utico","isPartOf":{"@id":"https:\/\/parbiomagneticocartagena.es\/#website"},"primaryImageOfPage":{"@id":"https:\/\/parbiomagneticocartagena.es\/?page_id=133#primaryimage"},"image":{"@id":"https:\/\/parbiomagneticocartagena.es\/?page_id=133#primaryimage"},"thumbnailUrl":"https:\/\/parbiomagneticocartagena.es\/wp-content\/uploads\/2021\/12\/BiomagnetismoTERAPIA.jpg","datePublished":"2023-01-07T13:35:09+00:00","dateModified":"2023-01-07T13:47:59+00:00","description":"Mejora tu salud y calidad de vida. Mejora tus problemas f\u00edsicos, mentales y emocionales.","breadcrumb":{"@id":"https:\/\/parbiomagneticocartagena.es\/?page_id=133#breadcrumb"},"inLanguage":"es","potentialAction":[{"@type":"ReadAction","target":["https:\/\/parbiomagneticocartagena.es\/?page_id=133"]}]},{"@type":"ImageObject","inLanguage":"es","@id":"https:\/\/parbiomagneticocartagena.es\/?page_id=133#primaryimage","url":"https:\/\/parbiomagneticocartagena.es\/wp-content\/uploads\/2021\/12\/BiomagnetismoTERAPIA.jpg","contentUrl":"https:\/\/parbiomagneticocartagena.es\/wp-content\/uploads\/2021\/12\/BiomagnetismoTERAPIA.jpg","width":423,"height":340},{"@type":"BreadcrumbList","@id":"https:\/\/parbiomagneticocartagena.es\/?page_id=133#breadcrumb","itemListElement":[{"@type":"ListItem","position":1,"name":"Portada","item":"https:\/\/parbiomagneticocartagena.es\/"},{"@type":"ListItem","position":2,"name":"\u00bfQu\u00e9 es el Par Biomagn\u00e9tico?"}]},{"@type":"WebSite","@id":"https:\/\/parbiomagneticocartagena.es\/#website","url":"https:\/\/parbiomagneticocartagena.es\/","name":"parbiomagneticocartagena","description":"S&oacute;lo otro sitio de WordPress","potentialAction":[{"@type":"SearchAction","target":{"@type":"EntryPoint","urlTemplate":"https:\/\/parbiomagneticocartagena.es\/?s={search_term_string}"},"query-input":{"@type":"PropertyValueSpecification","valueRequired":true,"valueName":"search_term_string"}}],"inLanguage":"es"}]}},"_links":{"self":[{"href":"https:\/\/parbiomagneticocartagena.es\/index.php?rest_route=\/wp\/v2\/pages\/133","targetHints":{"allow":["GET"]}}],"collection":[{"href":"https:\/\/parbiomagneticocartagena.es\/index.php?rest_route=\/wp\/v2\/pages"}],"about":[{"href":"https:\/\/parbiomagneticocartagena.es\/index.php?rest_route=\/wp\/v2\/types\/page"}],"author":[{"embeddable":true,"href":"https:\/\/parbiomagneticocartagena.es\/index.php?rest_route=\/wp\/v2\/users\/1"}],"replies":[{"embeddable":true,"href":"https:\/\/parbiomagneticocartagena.es\/index.php?rest_route=%2Fwp%2Fv2%2Fcomments&post=133"}],"version-history":[{"count":2,"href":"https:\/\/parbiomagneticocartagena.es\/index.php?rest_route=\/wp\/v2\/pages\/133\/revisions"}],"predecessor-version":[{"id":138,"href":"https:\/\/parbiomagneticocartagena.es\/index.php?rest_route=\/wp\/v2\/pages\/133\/revisions\/138"}],"wp:featuredmedia":[{"embeddable":true,"href":"https:\/\/parbiomagneticocartagena.es\/index.php?rest_route=\/wp\/v2\/media\/42"}],"wp:attachment":[{"href":"https:\/\/parbiomagneticocartagena.es\/index.php?rest_route=%2Fwp%2Fv2%2Fmedia&parent=133"}],"curies":[{"name":"wp","href":"https:\/\/api.w.org\/{rel}","templated":true}]}}